{"id":885,"date":"2025-02-06T20:15:28","date_gmt":"2025-02-06T20:15:28","guid":{"rendered":"https:\/\/erestauracionecologica.com\/boletin\/?page_id=885"},"modified":"2025-05-23T12:58:29","modified_gmt":"2025-05-23T12:58:29","slug":"evento-ii","status":"publish","type":"page","link":"https:\/\/erestauracionecologica.com\/boletin\/evento-ii\/","title":{"rendered":"10 a\u00f1os de Proyecto Vivero Ciudadano"},"content":{"rendered":"\t\t<div data-elementor-type=\"wp-page\" data-elementor-id=\"885\" class=\"elementor elementor-885\">\n\t\t\t\t<div class=\"elementor-element elementor-element-8a6e00c e-flex e-con-boxed wpr-particle-no wpr-jarallax-no wpr-parallax-no wpr-sticky-section-no e-con e-parent\" data-id=\"8a6e00c\" data-element_type=\"container\">\n\t\t\t\t\t<div class=\"e-con-inner\">\n\t\t\t\t<div class=\"elementor-element elementor-element-73ec1a2 elementor-widget__width-inherit wpr-adv-slider-columns-1 wpr-adv-slider-columns--tablet1 wpr-adv-slider-columns--mobile1 wpr-adv-slides-to-scroll-1 wpr-slider-dots-horizontal elementor-widget elementor-widget-wpr-advanced-slider\" data-id=\"73ec1a2\" data-element_type=\"widget\" data-settings=\"{&quot;slider_amount&quot;:1,&quot;slider_amount_tablet&quot;:1,&quot;slider_amount_mobile&quot;:1,&quot;slides_to_scroll&quot;:1,&quot;slider_hide_video_content&quot;:&quot;yes&quot;,&quot;slider_video_btn_size&quot;:&quot;medium&quot;}\" data-widget_type=\"wpr-advanced-slider.default\">\n\t\t\t\t<div class=\"elementor-widget-container\">\n\t\t\t\t\t\n\t\t<!-- Advanced Slider -->\n\t\t<div class=\"wpr-advanced-slider-wrap\">\n\t\t\t\n\t\t\t<div class=\"wpr-advanced-slider\" dir=\"ltr\" data-slick=\"{&quot;rtl&quot;:false,&quot;infinite&quot;:false,&quot;speed&quot;:700,&quot;arrows&quot;:true,&quot;dots&quot;:true,&quot;autoplay&quot;:false,&quot;autoplaySpeed&quot;:0,&quot;pauseOnHover&quot;:&quot;&quot;,&quot;prevArrow&quot;:&quot;#wpr-slider-prev-73ec1a2&quot;,&quot;nextArrow&quot;:&quot;#wpr-slider-next-73ec1a2&quot;,&quot;vertical&quot;:false,&quot;adaptiveHeight&quot;:true}\" data-hide-video-content=\"yes\" data-video-btn-size=\"{&quot;widescreen&quot;:&quot;medium&quot;,&quot;desktop&quot;:&quot;medium&quot;,&quot;laptop&quot;:&quot;medium&quot;,&quot;tablet_extra&quot;:&quot;medium&quot;,&quot;tablet&quot;:&quot;medium&quot;,&quot;mobile_extra&quot;:&quot;medium&quot;,&quot;mobile&quot;:&quot;medium&quot;}\" data-slide-effect=\"slide\">\n\t\t\t\t<div class=\"wpr-slider-item elementor-repeater-item-6bd41a6\"><div class=\"wpr-slider-item-bg \" style=\"background-image: url(https:\/\/erestauracionecologica.com\/boletin\/wp-content\/uploads\/2025\/02\/Evento-02-scaled.jpg)\"><\/div><div class=\"wpr-cv-container\"><div class=\"wpr-cv-outer\"><div class=\"wpr-cv-inner\"><div class=\"wpr-slider-content\"><div class=\"wpr-slider-title\"><h2>Seminario conmemora los 10 a\u00f1os del Proyecto Vivero Ciudadano<\/h2><\/div><div class=\"wpr-slider-sub-title\"><h3>BOLET\u00cdN SER-IAC. Volumen 1, N\u00famero 1, Febrero 2025<\/h3><\/div><div class=\"wpr-slider-btns\"><a class=\"wpr-slider-primary-btn\" href=\"https:\/\/erestauracionecologica.com\/boletin\/repositorio\/\">Repositorio<\/a><\/div><\/div><\/div><\/div><\/div><\/div>\t\t\t<\/div>\n\t\t\t<div class=\"wpr-slider-controls\">\n\t\t\t\t<div class=\"wpr-slider-dots\"><\/div>\n\t\t\t<\/div>\n\n\t\t\t<div class=\"wpr-slider-arrow-container\">\n\t\t\t\t<div class=\"wpr-slider-prev-arrow wpr-slider-arrow\" id=\"wpr-slider-prev-73ec1a2\">\n\t\t\t\t\t\t\t\t\t<\/div>\n\t\t\t\t<div class=\"wpr-slider-next-arrow wpr-slider-arrow\" id=\"wpr-slider-next-73ec1a2\">\n\t\t\t\t\t\t\t\t\t<\/div>\n\t\t\t<\/div>\n\t\t\t\n\t\t\t\n\t\t<\/div>\n\t\t\t\t\t\t<\/div>\n\t\t\t\t<\/div>\n\t\t\t\t\t<\/div>\n\t\t\t\t<\/div>\n\t\t<div class=\"elementor-element elementor-element-0f59fef e-flex e-con-boxed wpr-particle-no wpr-jarallax-no wpr-parallax-no wpr-sticky-section-no e-con e-parent\" data-id=\"0f59fef\" data-element_type=\"container\">\n\t\t\t\t\t<div class=\"e-con-inner\">\n\t\t\t\t<div class=\"elementor-element elementor-element-906bf29 elementor-widget elementor-widget-text-editor\" data-id=\"906bf29\" data-element_type=\"widget\" data-widget_type=\"text-editor.default\">\n\t\t\t\t<div class=\"elementor-widget-container\">\n\t\t\t\t\t\t\t\t\t<p>El II Seminario de Corredores Ecol\u00f3gicos, realizado en Rond\u00f4nia, reuni\u00f3 a m\u00e1s de 280 personas, quienes se reunieron para reflexionar sobre los logros en agricultura regenerativa, tras una d\u00e9cada de acciones del proyecto Vivero Ciudadano. Durante dos d\u00edas, el evento incluy\u00f3 visitas t\u00e9cnicas a propiedades de beneficiarios, destacando c\u00f3mo la combinaci\u00f3n de conservaci\u00f3n ambiental y generaci\u00f3n de ingresos ha transformado vidas, especialmente a trav\u00e9s del protagonismo y la autonom\u00eda de las mujeres.<\/p><p>Este seminario marc\u00f3 el cierre del tercer ciclo del proyecto, ejecutado por la ONG Ecopor\u00e9 y financiado por Petrobras y el Gobierno Federal a trav\u00e9s del programa Petrobras Socioambiental, que tambi\u00e9n apoy\u00f3 la organizaci\u00f3n del evento. Entre los casos destacados se encuentra la finca de Ediana Capich y Wender Rom\u00e1rio Lopes, creadores del caf\u00e9 Lagoa da Mata. All\u00ed, los participantes conocieron un modelo exitoso de restauraci\u00f3n ecol\u00f3gica y huerto productivo.<\/p><p>Andrea Pupo Bartazzini, educadora ambiental del Instituto de Investigaciones Ecol\u00f3gicas (IP\u00ca), subray\u00f3 el papel central de las mujeres en la restauraci\u00f3n ecol\u00f3gica, destacando su capacidad para involucrarse profundamente en estos proyectos. Por su parte, Marcelo Ferronato, coordinador del Programa Floresta y Agricultura de Ecopor\u00e9, enfatiz\u00f3 que la restauraci\u00f3n debe integrarse en una estrategia m\u00e1s amplia que incluya regularizaci\u00f3n de la tierra, manejo responsable del agua y acciones contra la deforestaci\u00f3n.<\/p><p>Finalmente, Sheila Noele, presidenta de Ecopor\u00e9, destac\u00f3 el valor del seminario como espacio para que los beneficiarios entendieran el impacto del proyecto y compartieran experiencias con la comunidad y el equipo t\u00e9cnico.<\/p>\t\t\t\t\t\t\t\t<\/div>\n\t\t\t\t<\/div>\n\t\t\t\t\t<\/div>\n\t\t\t\t<\/div>\n\t\t\t\t<section class=\"elementor-section elementor-top-section elementor-element elementor-element-5c975124 elementor-section-full_width elementor-section-height-default elementor-section-height-default wpr-particle-no wpr-jarallax-no wpr-parallax-no wpr-sticky-section-no\" data-id=\"5c975124\" data-element_type=\"section\" data-settings=\"{&quot;background_background&quot;:&quot;gradient&quot;}\">\n\t\t\t\t\t\t<div class=\"elementor-container elementor-column-gap-default\">\n\t\t\t\t\t<div class=\"elementor-column elementor-col-100 elementor-top-column elementor-element elementor-element-1d0d998c\" data-id=\"1d0d998c\" data-element_type=\"column\">\n\t\t\t<div class=\"elementor-widget-wrap elementor-element-populated\">\n\t\t\t\t\t\t<section class=\"elementor-section elementor-inner-section elementor-element elementor-element-507953f7 elementor-section-boxed elementor-section-height-default elementor-section-height-default wpr-particle-no wpr-jarallax-no wpr-parallax-no wpr-sticky-section-no\" data-id=\"507953f7\" data-element_type=\"section\">\n\t\t\t\t\t\t<div class=\"elementor-container elementor-column-gap-default\">\n\t\t\t\t\t<div class=\"elementor-column elementor-col-25 elementor-inner-column elementor-element elementor-element-6ac7533b\" data-id=\"6ac7533b\" data-element_type=\"column\">\n\t\t\t<div class=\"elementor-widget-wrap elementor-element-populated\">\n\t\t\t\t\t\t<div class=\"elementor-element elementor-element-4692d9b5 wpr-logo-position-center elementor-widget elementor-widget-wpr-logo\" data-id=\"4692d9b5\" data-element_type=\"widget\" data-widget_type=\"wpr-logo.default\">\n\t\t\t\t<div class=\"elementor-widget-container\">\n\t\t\t\t\t\t\t\t\n\t\t\t<div class=\"wpr-logo elementor-clearfix\">\n\n\t\t\t\t\n\t\t\t\t\n\t\t\t\t\t\t\t\t\t<a class=\"wpr-logo-url\" rel=\"home\" aria-label=\"\" href=\"https:\/\/erestauracionecologica.com\/boletin\/\"><\/a>\n\t\t\t\t\n\t\t\t<\/div>\n\t\t\t\t\n\t\t\t\t\t\t<\/div>\n\t\t\t\t<\/div>\n\t\t\t\t<div class=\"elementor-element elementor-element-141a4069 elementor-widget elementor-widget-text-editor\" data-id=\"141a4069\" data-element_type=\"widget\" data-widget_type=\"text-editor.default\">\n\t\t\t\t<div class=\"elementor-widget-container\">\n\t\t\t\t\t\t\t\t\t<p><img fetchpriority=\"high\" decoding=\"async\" class=\"size-medium wp-image-311 alignleft\" src=\"https:\/\/erestauracionecologica.com\/boletin\/wp-content\/uploads\/2025\/01\/P_SER-IAC_logo_color_Spanish-300x287.png\" alt=\"\" width=\"300\" height=\"287\" srcset=\"https:\/\/erestauracionecologica.com\/boletin\/wp-content\/uploads\/2025\/01\/P_SER-IAC_logo_color_Spanish-300x287.png 300w, https:\/\/erestauracionecologica.com\/boletin\/wp-content\/uploads\/2025\/01\/P_SER-IAC_logo_color_Spanish-1024x980.png 1024w, https:\/\/erestauracionecologica.com\/boletin\/wp-content\/uploads\/2025\/01\/P_SER-IAC_logo_color_Spanish-768x735.png 768w, https:\/\/erestauracionecologica.com\/boletin\/wp-content\/uploads\/2025\/01\/P_SER-IAC_logo_color_Spanish-1536x1471.png 1536w, https:\/\/erestauracionecologica.com\/boletin\/wp-content\/uploads\/2025\/01\/P_SER-IAC_logo_color_Spanish-2048x1961.png 2048w\" sizes=\"(max-width: 300px) 100vw, 300px\" \/><\/p>\t\t\t\t\t\t\t\t<\/div>\n\t\t\t\t<\/div>\n\t\t\t\t<div class=\"elementor-element elementor-element-77eeb474 e-grid-align-left elementor-shape-square elementor-grid-0 elementor-widget elementor-widget-social-icons\" data-id=\"77eeb474\" data-element_type=\"widget\" data-widget_type=\"social-icons.default\">\n\t\t\t\t<div class=\"elementor-widget-container\">\n\t\t\t\t\t\t\t<div class=\"elementor-social-icons-wrapper elementor-grid\" role=\"list\">\n\t\t\t\t\t\t\t<span class=\"elementor-grid-item\" role=\"listitem\">\n\t\t\t\t\t<a class=\"elementor-icon elementor-social-icon elementor-social-icon-instagram elementor-repeater-item-17078de\" href=\"https:\/\/www.instagram.com\/seriac01\/\" target=\"_blank\">\n\t\t\t\t\t\t<span class=\"elementor-screen-only\">Instagram<\/span>\n\t\t\t\t\t\t<svg class=\"e-font-icon-svg e-fab-instagram\" viewBox=\"0 0 448 512\" xmlns=\"http:\/\/www.w3.org\/2000\/svg\"><path d=\"M224.1 141c-63.6 0-114.9 51.3-114.9 114.9s51.3 114.9 114.9 114.9S339 319.5 339 255.9 287.7 141 224.1 141zm0 189.6c-41.1 0-74.7-33.5-74.7-74.7s33.5-74.7 74.7-74.7 74.7 33.5 74.7 74.7-33.6 74.7-74.7 74.7zm146.4-194.3c0 14.9-12 26.8-26.8 26.8-14.9 0-26.8-12-26.8-26.8s12-26.8 26.8-26.8 26.8 12 26.8 26.8zm76.1 27.2c-1.7-35.9-9.9-67.7-36.2-93.9-26.2-26.2-58-34.4-93.9-36.2-37-2.1-147.9-2.1-184.9 0-35.8 1.7-67.6 9.9-93.9 36.1s-34.4 58-36.2 93.9c-2.1 37-2.1 147.9 0 184.9 1.7 35.9 9.9 67.7 36.2 93.9s58 34.4 93.9 36.2c37 2.1 147.9 2.1 184.9 0 35.9-1.7 67.7-9.9 93.9-36.2 26.2-26.2 34.4-58 36.2-93.9 2.1-37 2.1-147.8 0-184.8zM398.8 388c-7.8 19.6-22.9 34.7-42.6 42.6-29.5 11.7-99.5 9-132.1 9s-102.7 2.6-132.1-9c-19.6-7.8-34.7-22.9-42.6-42.6-11.7-29.5-9-99.5-9-132.1s-2.6-102.7 9-132.1c7.8-19.6 22.9-34.7 42.6-42.6 29.5-11.7 99.5-9 132.1-9s102.7-2.6 132.1 9c19.6 7.8 34.7 22.9 42.6 42.6 11.7 29.5 9 99.5 9 132.1s2.7 102.7-9 132.1z\"><\/path><\/svg>\t\t\t\t\t<\/a>\n\t\t\t\t<\/span>\n\t\t\t\t\t\t\t<span class=\"elementor-grid-item\" role=\"listitem\">\n\t\t\t\t\t<a class=\"elementor-icon elementor-social-icon elementor-social-icon-x-twitter elementor-repeater-item-7bf8552\" href=\"https:\/\/x.com\/ser_iac\" target=\"_blank\">\n\t\t\t\t\t\t<span class=\"elementor-screen-only\">X-twitter<\/span>\n\t\t\t\t\t\t<svg class=\"e-font-icon-svg e-fab-x-twitter\" viewBox=\"0 0 512 512\" xmlns=\"http:\/\/www.w3.org\/2000\/svg\"><path d=\"M389.2 48h70.6L305.6 224.2 487 464H345L233.7 318.6 106.5 464H35.8L200.7 275.5 26.8 48H172.4L272.9 180.9 389.2 48zM364.4 421.8h39.1L151.1 88h-42L364.4 421.8z\"><\/path><\/svg>\t\t\t\t\t<\/a>\n\t\t\t\t<\/span>\n\t\t\t\t\t\t\t<span class=\"elementor-grid-item\" role=\"listitem\">\n\t\t\t\t\t<a class=\"elementor-icon elementor-social-icon elementor-social-icon-linkedin elementor-repeater-item-e7a2a77\" href=\"https:\/\/www.linkedin.com\/company\/sociedad-para-la-restauraci%C3%B3n-eco%C3%B3gica-iberoamerica-y-del-caribe\/?viewAsMember=true\" target=\"_blank\">\n\t\t\t\t\t\t<span class=\"elementor-screen-only\">Linkedin<\/span>\n\t\t\t\t\t\t<svg class=\"e-font-icon-svg e-fab-linkedin\" viewBox=\"0 0 448 512\" xmlns=\"http:\/\/www.w3.org\/2000\/svg\"><path d=\"M416 32H31.9C14.3 32 0 46.5 0 64.3v383.4C0 465.5 14.3 480 31.9 480H416c17.6 0 32-14.5 32-32.3V64.3c0-17.8-14.4-32.3-32-32.3zM135.4 416H69V202.2h66.5V416zm-33.2-243c-21.3 0-38.5-17.3-38.5-38.5S80.9 96 102.2 96c21.2 0 38.5 17.3 38.5 38.5 0 21.3-17.2 38.5-38.5 38.5zm282.1 243h-66.4V312c0-24.8-.5-56.7-34.5-56.7-34.6 0-39.9 27-39.9 54.9V416h-66.4V202.2h63.7v29.2h.9c8.9-16.8 30.6-34.5 62.9-34.5 67.2 0 79.7 44.3 79.7 101.9V416z\"><\/path><\/svg>\t\t\t\t\t<\/a>\n\t\t\t\t<\/span>\n\t\t\t\t\t\t\t<span class=\"elementor-grid-item\" role=\"listitem\">\n\t\t\t\t\t<a class=\"elementor-icon elementor-social-icon elementor-social-icon- elementor-repeater-item-04f56f8\" target=\"_blank\">\n\t\t\t\t\t\t<span class=\"elementor-screen-only\"><\/span>\n\t\t\t\t\t\t\t\t\t\t\t<\/a>\n\t\t\t\t<\/span>\n\t\t\t\t\t<\/div>\n\t\t\t\t\t\t<\/div>\n\t\t\t\t<\/div>\n\t\t\t\t\t<\/div>\n\t\t<\/div>\n\t\t\t\t<div class=\"elementor-column elementor-col-25 elementor-inner-column elementor-element elementor-element-f924ac6\" data-id=\"f924ac6\" data-element_type=\"column\">\n\t\t\t<div class=\"elementor-widget-wrap elementor-element-populated\">\n\t\t\t\t\t\t<div class=\"elementor-element elementor-element-61d97ae3 elementor-widget elementor-widget-heading\" data-id=\"61d97ae3\" data-element_type=\"widget\" data-widget_type=\"heading.default\">\n\t\t\t\t<div class=\"elementor-widget-container\">\n\t\t\t\t\t<h1 class=\"elementor-heading-title elementor-size-default\">Experiencias<\/h1>\t\t\t\t<\/div>\n\t\t\t\t<\/div>\n\t\t\t\t<div class=\"elementor-element elementor-element-7e9ebc3 elementor-widget elementor-widget-heading\" data-id=\"7e9ebc3\" data-element_type=\"widget\" data-widget_type=\"heading.default\">\n\t\t\t\t<div class=\"elementor-widget-container\">\n\t\t\t\t\t<p class=\"elementor-heading-title elementor-size-default\">Eventos<\/p>\t\t\t\t<\/div>\n\t\t\t\t<\/div>\n\t\t\t\t<div class=\"elementor-element elementor-element-6c72a177 elementor-widget elementor-widget-heading\" data-id=\"6c72a177\" data-element_type=\"widget\" data-widget_type=\"heading.default\">\n\t\t\t\t<div class=\"elementor-widget-container\">\n\t\t\t\t\t<p class=\"elementor-heading-title elementor-size-default\">Galer\u00eda<\/p>\t\t\t\t<\/div>\n\t\t\t\t<\/div>\n\t\t\t\t\t<\/div>\n\t\t<\/div>\n\t\t\t\t<div class=\"elementor-column elementor-col-25 elementor-inner-column elementor-element elementor-element-6369f15d\" data-id=\"6369f15d\" data-element_type=\"column\">\n\t\t\t<div class=\"elementor-widget-wrap elementor-element-populated\">\n\t\t\t\t\t\t<div class=\"elementor-element elementor-element-3166bcc7 elementor-widget elementor-widget-heading\" data-id=\"3166bcc7\" data-element_type=\"widget\" data-widget_type=\"heading.default\">\n\t\t\t\t<div class=\"elementor-widget-container\">\n\t\t\t\t\t<h2 class=\"elementor-heading-title elementor-size-default\">Contacto<\/h2>\t\t\t\t<\/div>\n\t\t\t\t<\/div>\n\t\t\t\t<div class=\"elementor-element elementor-element-73805c76 elementor-widget elementor-widget-heading\" data-id=\"73805c76\" data-element_type=\"widget\" data-widget_type=\"heading.default\">\n\t\t\t\t<div class=\"elementor-widget-container\">\n\t\t\t\t\t<p class=\"elementor-heading-title elementor-size-default\">Correo: boletin.seriac@gmail.com<\/p>\t\t\t\t<\/div>\n\t\t\t\t<\/div>\n\t\t\t\t<div class=\"elementor-element elementor-element-4e820849 elementor-widget elementor-widget-heading\" data-id=\"4e820849\" data-element_type=\"widget\" data-widget_type=\"heading.default\">\n\t\t\t\t<div class=\"elementor-widget-container\">\n\t\t\t\t\t<p class=\"elementor-heading-title elementor-size-default\">Tel\u00e9fono: +57 (601) 6434200<\/p>\t\t\t\t<\/div>\n\t\t\t\t<\/div>\n\t\t\t\t\t<\/div>\n\t\t<\/div>\n\t\t\t\t<div class=\"elementor-column elementor-col-25 elementor-inner-column elementor-element elementor-element-76613c68\" data-id=\"76613c68\" data-element_type=\"column\">\n\t\t\t<div class=\"elementor-widget-wrap elementor-element-populated\">\n\t\t\t\t\t\t<div class=\"elementor-element elementor-element-3d509e69 elementor-widget elementor-widget-heading\" data-id=\"3d509e69\" data-element_type=\"widget\" data-widget_type=\"heading.default\">\n\t\t\t\t<div class=\"elementor-widget-container\">\n\t\t\t\t\t<h2 class=\"elementor-heading-title elementor-size-default\">Participa en el bolet\u00edn<\/h2>\t\t\t\t<\/div>\n\t\t\t\t<\/div>\n\t\t\t\t<div class=\"elementor-element elementor-element-1e96e0ff elementor-widget elementor-widget-heading\" data-id=\"1e96e0ff\" data-element_type=\"widget\" data-widget_type=\"heading.default\">\n\t\t\t\t<div class=\"elementor-widget-container\">\n\t\t\t\t\t<h4 class=\"elementor-heading-title elementor-size-default\"><span class=\"OYPEnA font-feature-liga-off font-feature-clig-off font-feature-calt-off text-decoration-none text-strikethrough-none\" style=\"font-weight: 300;font-style: normal\">Consulta la gu\u00eda para autores y <\/span><span class=\"OYPEnA font-feature-liga-off font-feature-clig-off font-feature-calt-off text-decoration-none text-strikethrough-none\" style=\"font-weight: 700;font-style: normal\">escr\u00edbenos<\/span><\/h4>\t\t\t\t<\/div>\n\t\t\t\t<\/div>\n\t\t\t\t<div class=\"elementor-element elementor-element-195f7d6f wpr-mailchimp-layout-hr elementor-widget elementor-widget-wpr-mailchimp\" data-id=\"195f7d6f\" data-element_type=\"widget\" data-widget_type=\"wpr-mailchimp.default\">\n\t\t\t\t<div class=\"elementor-widget-container\">\n\t\t\t\t\t\n\t\t<form class=\"wpr-mailchimp-form\" id=\"wpr-mailchimp-form-195f7d6f\" method=\"POST\" data-list-id=\"def\" data-clear-fields=\"\">\n\t\t\t<!-- Form Header -->\n\t\t\t\n\t\t\t<div class=\"wpr-mailchimp-fields\">\n\t\t\t\t<!-- Email Input -->\n\t\t\t\t<div class=\"wpr-mailchimp-email\">\n\t\t\t\t\t\t\t\t\t\t<input type=\"email\" name=\"wpr_mailchimp_email\" placeholder=\"sample@mail.com\" required=\"required\">\n\t\t\t\t<\/div>\n\n\t\t\t\t<!-- Extra Fields -->\n\t\t\t\t\n\t\t\t\t<!-- Subscribe Button -->\n\t\t\t\t<div class=\"wpr-mailchimp-subscribe\">\n\t\t\t\t\t<button type=\"submit\" id=\"wpr-subscribe-195f7d6f\" class=\"wpr-mailchimp-subscribe-btn\" data-loading=\"Participa en el Bolet\u00f1in\">\n\t\t\t\t  \t\tEnviar\t\t\t\t\t<\/button>\n\t\t\t\t<\/div>\n\t\t\t<\/div>\n\n\t\t\t<!-- Success\/Error Message -->\n\t\t\t<div class=\"wpr-mailchimp-message\">\n\t\t\t\t<span class=\"wpr-mailchimp-success-message\">Enviado<\/span>\n\t\t\t\t<span class=\"wpr-mailchimp-error-message\">Cargando<\/span>\n\t\t\t<\/div>\n\t\t<\/form>\n\n\t\t\t\t\t\t<\/div>\n\t\t\t\t<\/div>\n\t\t\t\t<div class=\"elementor-element elementor-element-eca3b6b elementor-widget elementor-widget-heading\" data-id=\"eca3b6b\" data-element_type=\"widget\" data-widget_type=\"heading.default\">\n\t\t\t\t<div class=\"elementor-widget-container\">\n\t\t\t\t\t<p class=\"elementor-heading-title elementor-size-default\">HAZ PARTE DEL BOLET\u00cdN<\/p>\t\t\t\t<\/div>\n\t\t\t\t<\/div>\n\t\t\t\t\t<\/div>\n\t\t<\/div>\n\t\t\t\t\t<\/div>\n\t\t<\/section>\n\t\t\t\t\t<\/div>\n\t\t<\/div>\n\t\t\t\t\t<\/div>\n\t\t<\/section>\n\t\t\t\t<\/div>\n\t\t","protected":false},"excerpt":{"rendered":"<p>Seminario conmemora los 10 a\u00f1os del Proyecto Vivero Ciudadano BOLET\u00cdN SER-IAC. Volumen 1, N\u00famero 1, Febrero 2025 Repositorio El II Seminario de Corredores Ecol\u00f3gicos, realizado en Rond\u00f4nia, reuni\u00f3 a m\u00e1s de 280 personas, quienes se reunieron para reflexionar sobre los logros en agricultura regenerativa, tras una d\u00e9cada de acciones del proyecto Vivero Ciudadano. Durante dos d\u00edas, el evento incluy\u00f3 visitas t\u00e9cnicas a propiedades de beneficiarios, destacando c\u00f3mo la combinaci\u00f3n de conservaci\u00f3n ambiental y generaci\u00f3n de ingresos ha transformado vidas, especialmente a trav\u00e9s del protagonismo y la autonom\u00eda de las mujeres. Este seminario marc\u00f3 el cierre del tercer ciclo del proyecto, ejecutado por la ONG Ecopor\u00e9 y financiado por Petrobras y el Gobierno Federal a trav\u00e9s del programa Petrobras Socioambiental, que tambi\u00e9n apoy\u00f3 la organizaci\u00f3n del evento. Entre los casos destacados se encuentra la finca de Ediana Capich y Wender Rom\u00e1rio Lopes, creadores del caf\u00e9 Lagoa da Mata. All\u00ed, los participantes conocieron un modelo exitoso de restauraci\u00f3n ecol\u00f3gica y huerto productivo. Andrea Pupo Bartazzini, educadora ambiental del Instituto de Investigaciones Ecol\u00f3gicas (IP\u00ca), subray\u00f3 el papel central de las mujeres en la restauraci\u00f3n ecol\u00f3gica, destacando su capacidad para involucrarse profundamente en estos proyectos. Por su parte, Marcelo Ferronato, coordinador del Programa Floresta y Agricultura de Ecopor\u00e9, enfatiz\u00f3 que la restauraci\u00f3n debe integrarse en una estrategia m\u00e1s amplia que incluya regularizaci\u00f3n de la tierra, manejo responsable del agua y acciones contra la deforestaci\u00f3n. Finalmente, Sheila Noele, presidenta de Ecopor\u00e9, destac\u00f3 el valor del seminario como espacio para que los beneficiarios entendieran el impacto del proyecto y compartieran experiencias con la comunidad y el equipo t\u00e9cnico. Instagram X-twitter Linkedin Experiencias Eventos Galer\u00eda Contacto Correo: boletin.seriac@gmail.com Tel\u00e9fono: +57 (601) 6434200 Participa en el bolet\u00edn Consulta la gu\u00eda para autores y escr\u00edbenos Enviar Enviado Cargando HAZ PARTE DEL BOLET\u00cdN<\/p>\n","protected":false},"author":1,"featured_media":0,"parent":0,"menu_order":0,"comment_status":"closed","ping_status":"closed","template":"","meta":{"_monsterinsights_skip_tracking":false,"_monsterinsights_sitenote_active":false,"_monsterinsights_sitenote_note":"","_monsterinsights_sitenote_category":0,"ocean_post_layout":"","ocean_both_sidebars_style":"","ocean_both_sidebars_content_width":0,"ocean_both_sidebars_sidebars_width":0,"ocean_sidebar":"","ocean_second_sidebar":"","ocean_disable_margins":"enable","ocean_add_body_class":"","ocean_shortcode_before_top_bar":"","ocean_shortcode_after_top_bar":"","ocean_shortcode_before_header":"","ocean_shortcode_after_header":"","ocean_has_shortcode":"","ocean_shortcode_after_title":"","ocean_shortcode_before_footer_widgets":"","ocean_shortcode_after_footer_widgets":"","ocean_shortcode_before_footer_bottom":"","ocean_shortcode_after_footer_bottom":"","ocean_display_top_bar":"default","ocean_display_header":"default","ocean_header_style":"","ocean_center_header_left_menu":"","ocean_custom_header_template":"","ocean_custom_logo":0,"ocean_custom_retina_logo":0,"ocean_custom_logo_max_width":0,"ocean_custom_logo_tablet_max_width":0,"ocean_custom_logo_mobile_max_width":0,"ocean_custom_logo_max_height":0,"ocean_custom_logo_tablet_max_height":0,"ocean_custom_logo_mobile_max_height":0,"ocean_header_custom_menu":"","ocean_menu_typo_font_family":"","ocean_menu_typo_font_subset":"","ocean_menu_typo_font_size":0,"ocean_menu_typo_font_size_tablet":0,"ocean_menu_typo_font_size_mobile":0,"ocean_menu_typo_font_size_unit":"px","ocean_menu_typo_font_weight":"","ocean_menu_typo_font_weight_tablet":"","ocean_menu_typo_font_weight_mobile":"","ocean_menu_typo_transform":"","ocean_menu_typo_transform_tablet":"","ocean_menu_typo_transform_mobile":"","ocean_menu_typo_line_height":0,"ocean_menu_typo_line_height_tablet":0,"ocean_menu_typo_line_height_mobile":0,"ocean_menu_typo_line_height_unit":"","ocean_menu_typo_spacing":0,"ocean_menu_typo_spacing_tablet":0,"ocean_menu_typo_spacing_mobile":0,"ocean_menu_typo_spacing_unit":"","ocean_menu_link_color":"","ocean_menu_link_color_hover":"","ocean_menu_link_color_active":"","ocean_menu_link_background":"","ocean_menu_link_hover_background":"","ocean_menu_link_active_background":"","ocean_menu_social_links_bg":"","ocean_menu_social_hover_links_bg":"","ocean_menu_social_links_color":"","ocean_menu_social_hover_links_color":"","ocean_disable_title":"default","ocean_disable_heading":"default","ocean_post_title":"","ocean_post_subheading":"","ocean_post_title_style":"","ocean_post_title_background_color":"","ocean_post_title_background":0,"ocean_post_title_bg_image_position":"","ocean_post_title_bg_image_attachment":"","ocean_post_title_bg_image_repeat":"","ocean_post_title_bg_image_size":"","ocean_post_title_height":0,"ocean_post_title_bg_overlay":0.5,"ocean_post_title_bg_overlay_color":"","ocean_disable_breadcrumbs":"default","ocean_breadcrumbs_color":"","ocean_breadcrumbs_separator_color":"","ocean_breadcrumbs_links_color":"","ocean_breadcrumbs_links_hover_color":"","ocean_display_footer_widgets":"default","ocean_display_footer_bottom":"default","ocean_custom_footer_template":"","footnotes":""},"class_list":["post-885","page","type-page","status-publish","hentry","entry"],"aioseo_notices":[],"_links":{"self":[{"href":"https:\/\/erestauracionecologica.com\/boletin\/wp-json\/wp\/v2\/pages\/885","targetHints":{"allow":["GET"]}}],"collection":[{"href":"https:\/\/erestauracionecologica.com\/boletin\/wp-json\/wp\/v2\/pages"}],"about":[{"href":"https:\/\/erestauracionecologica.com\/boletin\/wp-json\/wp\/v2\/types\/page"}],"author":[{"embeddable":true,"href":"https:\/\/erestauracionecologica.com\/boletin\/wp-json\/wp\/v2\/users\/1"}],"replies":[{"embeddable":true,"href":"https:\/\/erestauracionecologica.com\/boletin\/wp-json\/wp\/v2\/comments?post=885"}],"version-history":[{"count":27,"href":"https:\/\/erestauracionecologica.com\/boletin\/wp-json\/wp\/v2\/pages\/885\/revisions"}],"predecessor-version":[{"id":1904,"href":"https:\/\/erestauracionecologica.com\/boletin\/wp-json\/wp\/v2\/pages\/885\/revisions\/1904"}],"wp:attachment":[{"href":"https:\/\/erestauracionecologica.com\/boletin\/wp-json\/wp\/v2\/media?parent=885"}],"curies":[{"name":"wp","href":"https:\/\/api.w.org\/{rel}","templated":true}]}}